{"id":2252,"date":"2021-02-12T17:11:02","date_gmt":"2021-02-12T16:11:02","guid":{"rendered":"https:\/\/www.museoaviazione.com\/linea-gotica-1944-scontro-di-civilta\/"},"modified":"2021-02-12T17:11:02","modified_gmt":"2021-02-12T16:11:02","slug":"linea-gotica-1944-scontro-di-civilta","status":"publish","type":"page","link":"https:\/\/www.museoaviazione.com\/en\/linea-gotica-1944-scontro-di-civilta\/","title":{"rendered":"Linea Gotica 1944: Scontro di civilt\u00e0"},"content":{"rendered":"<div class=\"fusion-fullwidth fullwidth-box fusion-builder-row-1 nonhundred-percent-fullwidth non-hundred-percent-height-scrolling\" style=\"--awb-border-radius-top-left:0px;--awb-border-radius-top-right:0px;--awb-border-radius-bottom-right:0px;--awb-border-radius-bottom-left:0px;--awb-flex-wrap:wrap;\" ><div class=\"fusion-builder-row fusion-row\"><div class=\"fusion-layout-column fusion_builder_column fusion-builder-column-0 fusion_builder_column_1_3 1_3 fusion-one-third fusion-column-first\" style=\"--awb-bg-size:cover;width:33.333333333333%;width:calc(33.333333333333% - ( ( 4% + 4% ) * 0.33333333333333 ) );margin-right: 4%;\"><div class=\"fusion-column-wrapper fusion-flex-column-wrapper-legacy\"><div class=\"fusion-image-element fusion-image-align-center in-legacy-container\" style=\"text-align:center;--awb-caption-title-font-family:var(--h2_typography-font-family);--awb-caption-title-font-weight:var(--h2_typography-font-weight);--awb-caption-title-font-style:var(--h2_typography-font-style);--awb-caption-title-size:var(--h2_typography-font-size);--awb-caption-title-transform:var(--h2_typography-text-transform);--awb-caption-title-line-height:var(--h2_typography-line-height);--awb-caption-title-letter-spacing:var(--h2_typography-letter-spacing);\"><div class=\"imageframe-align-center\"><span class=\" fusion-imageframe imageframe-none imageframe-1 hover-type-none\"><img decoding=\"async\" width=\"354\" height=\"500\" title=\"Linea Gotica Scontro di Civilt\u00e0\" src=\"https:\/\/www.museoaviazione.com\/wp-content\/uploads\/2020\/06\/Linea_gotica_rossa.png\" alt class=\"img-responsive wp-image-4013\" srcset=\"https:\/\/www.museoaviazione.com\/wp-content\/uploads\/2020\/06\/Linea_gotica_rossa-200x282.png 200w, https:\/\/www.museoaviazione.com\/wp-content\/uploads\/2020\/06\/Linea_gotica_rossa.png 354w\" sizes=\"(max-width: 800px) 100vw, 354px\" \/><\/span><\/div><\/div><div class=\"fusion-clearfix\"><\/div><\/div><\/div><div class=\"fusion-layout-column fusion_builder_column fusion-builder-column-1 fusion_builder_column_1_3 1_3 fusion-one-third\" style=\"--awb-bg-size:cover;width:33.333333333333%;width:calc(33.333333333333% - ( ( 4% + 4% ) * 0.33333333333333 ) );margin-right: 4%;\"><div class=\"fusion-column-wrapper fusion-flex-column-wrapper-legacy\"><div class=\"fusion-text fusion-text-1\"><h2 style=\"font-size: 40px;\">Prefazione<\/h2>\n<p style=\"text-align: justify;\">&#8220;Linea Gotica 1944. Scontro di civilt\u00e0&#8221; \u00e8 l&#8217;ultimo di una serie di libri che Amedeo Montemaggi ha dedicato alla offensiva della Linea Gotica che egli, seguendo le cronache militari alleate, battezza &#8220;Battaglia di Rimini&#8221; per mettere in risalto il luogo ove si esercit\u00f2 la violenza decisiva dei combattimenti.<\/p>\n<p style=\"text-align: justify;\">Secondo G.R. Stevens se lo sbarco in Sicilia era stato una confusa scarpinata, l&#8217;avanzata nel territorio continentale italiano un lungo viaggio, la battaglia i Ortona un successo individuale, la valle del Liri una tragedia sulla Linea Gotica tutte le marce ingranarono e diedero la pi\u00f9 grande certezza di una poderosa macchina. Perci\u00f2 tutti sapevano in cuor loro e senza vanagloria o eccezione che finalmente ci si poteva misurare con il nemico. Montemaggi afferma che l&#8217;offensiva che ne segu\u00ec, la cosiddetta offensiva della Linea Gotica definita dai suoi protagonisti la pi\u00f9 grande battaglia della campagna d&#8217;Italia, ebbe il suo apice nella battaglia di Rimini che determin\u00f2 e decise la futura struttura del mondo. Nei suoi primi libri egli ne ha seguito le varie fasi, militari prima, politiche poi. Oggi questa sua ultima opera prima,  politiche poi. Oggi questa sua ultima opera completa l&#8217;opera preziosa dei libri precedenti estendendola da una parte all&#8217;ingarbugliato groviglio politico ed ideologico che ha avvolto il mondo occidentale dopo la caduta del fascismo, dall&#8217;altra alle prime origini ed al primo sviluppo della cosiddetta &#8221; Guerra Fredda&#8221;. E&#8217; un&#8217;opera coraggiosa e di grande vigore intellettuale che dovrebbe leggere ogni persona interessata alla vita di quegli anni tumultuosi.<\/p>\n<\/div><div class=\"fusion-clearfix\"><\/div><\/div><\/div><div class=\"fusion-layout-column fusion_builder_column fusion-builder-column-2 fusion_builder_column_1_3 1_3 fusion-one-third fusion-column-last\" style=\"--awb-bg-size:cover;width:33.333333333333%;width:calc(33.333333333333% - ( ( 4% + 4% ) * 0.33333333333333 ) );\"><div class=\"fusion-column-wrapper fusion-flex-column-wrapper-legacy\"><div class=\"fusion-text fusion-text-2\"><p style=\"text-align: justify;\">L&#8217;Autore \u00e8 conosciuto internazionalmente come l&#8217;esperto delle dimensioni militari, sociali e umane di quella battaglia di importanza epocale. Le sue estese ed esaurienti ricerche e le sue numerose opere sullo stesso argomento gli hanno giustamente fatto ottenere il rispetto degli storici italiani, tedeschi, britannici, canadesi e americani e insieme dei veterani militari e civili della campagna d&#8217;Italia nella 2^ Guerra Mondiale.<\/p>\n<p style=\"text-align: justify;\">Montemaggi ha dato un inestimabile aiuto allo scrivente durante le visite d&#8217;istruzione che gli studenti del Canadian Land Forces Command ad Staff Collage di Kingston effettuavano sui campi di battaglia della Linea Gotica, per rafforzare i legami fra passato, il presente e il futuro. La sua conoscenza della campagna d&#8217;Italia ed in particolare dell&#8217;offensiva della Linea Gotica e la sua generosit\u00e0 nel dispensarci i suoi giudizi sono stati di grandissimo aiuto.<\/p>\n<p><em>Bill McAndrew<\/em><\/p>\n<\/div><div class=\"fusion-clearfix\"><\/div><\/div><\/div><\/div><\/div>\n","protected":false},"excerpt":{"rendered":"","protected":false},"author":2,"featured_media":0,"parent":0,"menu_order":0,"comment_status":"closed","ping_status":"closed","template":"","meta":{"footnotes":""},"_links":{"self":[{"href":"https:\/\/www.museoaviazione.com\/en\/wp-json\/wp\/v2\/pages\/2252"}],"collection":[{"href":"https:\/\/www.museoaviazione.com\/en\/wp-json\/wp\/v2\/pages"}],"about":[{"href":"https:\/\/www.museoaviazione.com\/en\/wp-json\/wp\/v2\/types\/page"}],"author":[{"embeddable":true,"href":"https:\/\/www.museoaviazione.com\/en\/wp-json\/wp\/v2\/users\/2"}],"replies":[{"embeddable":true,"href":"https:\/\/www.museoaviazione.com\/en\/wp-json\/wp\/v2\/comments?post=2252"}],"version-history":[{"count":1,"href":"https:\/\/www.museoaviazione.com\/en\/wp-json\/wp\/v2\/pages\/2252\/revisions"}],"predecessor-version":[{"id":2253,"href":"https:\/\/www.museoaviazione.com\/en\/wp-json\/wp\/v2\/pages\/2252\/revisions\/2253"}],"wp:attachment":[{"href":"https:\/\/www.museoaviazione.com\/en\/wp-json\/wp\/v2\/media?parent=2252"}],"curies":[{"name":"wp","href":"https:\/\/api.w.org\/{rel}","templated":true}]}}